{"id":128,"date":"2025-06-14T21:25:27","date_gmt":"2025-06-14T21:25:27","guid":{"rendered":"https:\/\/izokale.com.tr\/?page_id=128"},"modified":"2025-06-17T21:28:32","modified_gmt":"2025-06-17T21:28:32","slug":"teras-su-yalitimi","status":"publish","type":"page","link":"https:\/\/izokale.com.tr\/index.php\/teras-su-yalitimi\/","title":{"rendered":"Teras su yal\u0131t\u0131m\u0131"},"content":{"rendered":"<p>Seramik kapl\u0131 teraslar, \u00fczeri \u015fap olan a\u00e7\u0131k \u00e7at\u0131lar, mozaik kapl\u0131 teras ve \u00e7at\u0131lar da s\u00f6kmeden k\u0131rmadan ek yersiz su yal\u0131t\u0131m\u0131 \u00e7\u00f6z\u00fcm \u00f6nerilerimiz a\u015fa\u011f\u0131da ilginize sunulmu\u015ftur;<\/p>\n<p>1- Polyuera ile ek yersiz y\u00fczeyin tamam\u0131n\u0131 kaplamak;<\/p>\n<p>2- Poli\u00fcretan ile ek yersiz y\u00fczeyin tamam\u0131n\u0131 kaplamak;<\/p>\n<p><img loading=\"lazy\" decoding=\"async\" class=\"alignnone size-medium wp-image-54\" src=\"https:\/\/izokale.com.tr\/wp-content\/uploads\/2025\/03\/20170409_121938-169x300.jpg\" alt=\"\" width=\"169\" height=\"300\" srcset=\"https:\/\/izokale.com.tr\/wp-content\/uploads\/2025\/03\/20170409_121938-169x300.jpg 169w, https:\/\/izokale.com.tr\/wp-content\/uploads\/2025\/03\/20170409_121938-577x1024.jpg 577w, https:\/\/izokale.com.tr\/wp-content\/uploads\/2025\/03\/20170409_121938-768x1362.jpg 768w, https:\/\/izokale.com.tr\/wp-content\/uploads\/2025\/03\/20170409_121938-866x1536.jpg 866w, https:\/\/izokale.com.tr\/wp-content\/uploads\/2025\/03\/20170409_121938-1155x2048.jpg 1155w, https:\/\/izokale.com.tr\/wp-content\/uploads\/2025\/03\/20170409_121938-570x1011.jpg 570w, https:\/\/izokale.com.tr\/wp-content\/uploads\/2025\/03\/20170409_121938-scaled.jpg 1443w\" sizes=\"auto, (max-width: 169px) 100vw, 169px\" \/><img loading=\"lazy\" decoding=\"async\" class=\"alignnone size-medium wp-image-55\" src=\"https:\/\/izokale.com.tr\/wp-content\/uploads\/2025\/03\/20170525_121518-169x300.jpg\" alt=\"\" width=\"169\" height=\"300\" srcset=\"https:\/\/izokale.com.tr\/wp-content\/uploads\/2025\/03\/20170525_121518-169x300.jpg 169w, https:\/\/izokale.com.tr\/wp-content\/uploads\/2025\/03\/20170525_121518-577x1024.jpg 577w, https:\/\/izokale.com.tr\/wp-content\/uploads\/2025\/03\/20170525_121518-768x1362.jpg 768w, https:\/\/izokale.com.tr\/wp-content\/uploads\/2025\/03\/20170525_121518-866x1536.jpg 866w, https:\/\/izokale.com.tr\/wp-content\/uploads\/2025\/03\/20170525_121518-1155x2048.jpg 1155w, https:\/\/izokale.com.tr\/wp-content\/uploads\/2025\/03\/20170525_121518-570x1011.jpg 570w, https:\/\/izokale.com.tr\/wp-content\/uploads\/2025\/03\/20170525_121518-scaled.jpg 1443w\" sizes=\"auto, (max-width: 169px) 100vw, 169px\" \/><\/p>\n<p>3- Akrilik i\u00e7erikli \u00fcr\u00fcnler ile ek yersiz y\u00fczeyin tamam\u0131n\u0131 kaplamak;<\/p>\n<p>Not: Yukar\u0131da \u00f6rnek verdi\u011fimiz \u00e7\u00f6z\u00fcmlerin tamam\u0131; k\u0131r\u0131p s\u00f6kmeden i\u015flem yapt\u0131\u011f\u0131m\u0131zdan dolay\u0131 zaman ve maliyet tasarrufu sa\u011flamaktad\u0131r.<\/p>\n","protected":false},"excerpt":{"rendered":"<p>Seramik kapl\u0131 teraslar, \u00fczeri \u015fap olan a\u00e7\u0131k \u00e7at\u0131lar, mozaik kapl\u0131 teras ve \u00e7at\u0131lar da s\u00f6kmeden k\u0131rmadan ek yersiz su yal\u0131t\u0131m\u0131 \u00e7\u00f6z\u00fcm \u00f6nerilerimiz a\u015fa\u011f\u0131da ilginize sunulmu\u015ftur; 1- Polyuera ile ek yersiz y\u00fczeyin tamam\u0131n\u0131 kaplamak; 2- Poli\u00fcretan ile ek yersiz y\u00fczeyin tamam\u0131n\u0131 kaplamak; 3- Akrilik i\u00e7erikli \u00fcr\u00fcnler ile ek yersiz y\u00fczeyin tamam\u0131n\u0131 kaplamak; Not: Yukar\u0131da \u00f6rnek verdi\u011fimiz [&hellip;]<\/p>\n","protected":false},"author":1,"featured_media":59,"parent":0,"menu_order":0,"comment_status":"closed","ping_status":"closed","template":"","meta":{"footnotes":""},"class_list":["post-128","page","type-page","status-publish","has-post-thumbnail","czr-hentry"],"_links":{"self":[{"href":"https:\/\/izokale.com.tr\/index.php\/wp-json\/wp\/v2\/pages\/128","targetHints":{"allow":["GET"]}}],"collection":[{"href":"https:\/\/izokale.com.tr\/index.php\/wp-json\/wp\/v2\/pages"}],"about":[{"href":"https:\/\/izokale.com.tr\/index.php\/wp-json\/wp\/v2\/types\/page"}],"author":[{"embeddable":true,"href":"https:\/\/izokale.com.tr\/index.php\/wp-json\/wp\/v2\/users\/1"}],"replies":[{"embeddable":true,"href":"https:\/\/izokale.com.tr\/index.php\/wp-json\/wp\/v2\/comments?post=128"}],"version-history":[{"count":5,"href":"https:\/\/izokale.com.tr\/index.php\/wp-json\/wp\/v2\/pages\/128\/revisions"}],"predecessor-version":[{"id":134,"href":"https:\/\/izokale.com.tr\/index.php\/wp-json\/wp\/v2\/pages\/128\/revisions\/134"}],"wp:featuredmedia":[{"embeddable":true,"href":"https:\/\/izokale.com.tr\/index.php\/wp-json\/wp\/v2\/media\/59"}],"wp:attachment":[{"href":"https:\/\/izokale.com.tr\/index.php\/wp-json\/wp\/v2\/media?parent=128"}],"curies":[{"name":"wp","href":"https:\/\/api.w.org\/{rel}","templated":true}]}}