{"id":12,"date":"2025-03-01T07:13:18","date_gmt":"2025-03-01T07:13:18","guid":{"rendered":"https:\/\/izokale.com.tr\/?page_id=12"},"modified":"2025-03-01T07:15:38","modified_gmt":"2025-03-01T07:15:38","slug":"iletisim","status":"publish","type":"page","link":"https:\/\/izokale.com.tr\/index.php\/iletisim\/","title":{"rendered":"\u0130leti\u015fim"},"content":{"rendered":"<p><strong>\ud83c\udfe1 \u0130zolasyon \u00e7\u00f6z\u00fcmlerimiz hakk\u0131nda bilgi almak i\u00e7in bizimle ileti\u015fime ge\u00e7in!<br data-start=\"2475\" data-end=\"2478\" \/>\ud83d\udcde Telefon: +90532 6826503<br data-start=\"2511\" data-end=\"2514\" \/>\ud83d\udce9 E-Posta: iletisim@izokale.com.tr<\/strong><\/p>\n<p>&nbsp;<\/p>\n<p>&lt;iframe src=&#8221;https:\/\/www.google.com\/maps\/embed?pb=!1m14!1m8!1m3!1d6100.022242800908!2d26.401249!3d40.142036!3m2!1i1024!2i768!4f13.1!3m3!1m2!1s0x14b1a9c171244493%3A0x40b472bf5595ba99!2sBarbaros%2C%20Kahramanlar%20Sk.%2C%2017020%20%C3%87anakkale%20Merkez%2F%C3%87anakkale%2C%20T%C3%BCrkiye!5e0!3m2!1str!2sus!4v1740813245271!5m2!1str!2sus&#8221; width=&#8221;600&#8243; height=&#8221;450&#8243; style=&#8221;border:0;&#8221; allowfullscreen=&#8221;&#8221; loading=&#8221;lazy&#8221; referrerpolicy=&#8221;no-referrer-when-downgrade&#8221;&gt;&lt;\/iframe&gt;<\/p>\n<p>&nbsp;<\/p>\n","protected":false},"excerpt":{"rendered":"<p>\ud83c\udfe1 \u0130zolasyon \u00e7\u00f6z\u00fcmlerimiz hakk\u0131nda bilgi almak i\u00e7in bizimle ileti\u015fime ge\u00e7in!\ud83d\udcde Telefon: +90532 6826503\ud83d\udce9 E-Posta: iletisim@izokale.com.tr &nbsp; &lt;iframe src=&#8221;https:\/\/www.google.com\/maps\/embed?pb=!1m14!1m8!1m3!1d6100.022242800908!2d26.401249!3d40.142036!3m2!1i1024!2i768!4f13.1!3m3!1m2!1s0x14b1a9c171244493%3A0x40b472bf5595ba99!2sBarbaros%2C%20Kahramanlar%20Sk.%2C%2017020%20%C3%87anakkale%20Merkez%2F%C3%87anakkale%2C%20T%C3%BCrkiye!5e0!3m2!1str!2sus!4v1740813245271!5m2!1str!2sus&#8221; width=&#8221;600&#8243; height=&#8221;450&#8243; style=&#8221;border:0;&#8221; allowfullscreen=&#8221;&#8221; loading=&#8221;lazy&#8221; referrerpolicy=&#8221;no-referrer-when-downgrade&#8221;&gt;&lt;\/iframe&gt; &nbsp;<\/p>\n","protected":false},"author":1,"featured_media":0,"parent":0,"menu_order":0,"comment_status":"closed","ping_status":"closed","template":"","meta":{"footnotes":""},"class_list":["post-12","page","type-page","status-publish","czr-hentry"],"_links":{"self":[{"href":"https:\/\/izokale.com.tr\/index.php\/wp-json\/wp\/v2\/pages\/12","targetHints":{"allow":["GET"]}}],"collection":[{"href":"https:\/\/izokale.com.tr\/index.php\/wp-json\/wp\/v2\/pages"}],"about":[{"href":"https:\/\/izokale.com.tr\/index.php\/wp-json\/wp\/v2\/types\/page"}],"author":[{"embeddable":true,"href":"https:\/\/izokale.com.tr\/index.php\/wp-json\/wp\/v2\/users\/1"}],"replies":[{"embeddable":true,"href":"https:\/\/izokale.com.tr\/index.php\/wp-json\/wp\/v2\/comments?post=12"}],"version-history":[{"count":4,"href":"https:\/\/izokale.com.tr\/index.php\/wp-json\/wp\/v2\/pages\/12\/revisions"}],"predecessor-version":[{"id":16,"href":"https:\/\/izokale.com.tr\/index.php\/wp-json\/wp\/v2\/pages\/12\/revisions\/16"}],"wp:attachment":[{"href":"https:\/\/izokale.com.tr\/index.php\/wp-json\/wp\/v2\/media?parent=12"}],"curies":[{"name":"wp","href":"https:\/\/api.w.org\/{rel}","templated":true}]}}